{"id":61,"date":"2020-01-23T18:21:52","date_gmt":"2020-01-23T18:21:52","guid":{"rendered":"https:\/\/demosites.io\/web-agency-gb\/?page_id=61"},"modified":"2025-03-18T20:14:50","modified_gmt":"2025-03-18T23:14:50","slug":"15c42-web-agency-gb-about-us","status":"publish","type":"page","link":"https:\/\/elshadaysystems.com.br\/index.php\/15c42-web-agency-gb-about-us\/","title":{"rendered":"Sobre N\u00f3s"},"content":{"rendered":"\n<div class=\"wp-block-cover alignfull\" style=\"min-height:300px;aspect-ratio:unset;\"><span aria-hidden=\"true\" class=\"wp-block-cover__background has-nv-site-bg-background-color has-background-dim-100 has-background-dim\"><\/span><div class=\"wp-block-cover__inner-container is-layout-flow wp-block-cover-is-layout-flow\">\n<div class=\"wp-block-group\"><div class=\"wp-block-group__inner-container is-layout-flow wp-block-group-is-layout-flow\">\n<h1 class=\"wp-block-heading has-text-align-left has-neve-text-color-color has-text-color\">Sobre N\u00f3s<\/h1>\n<\/div><\/div>\n<\/div><\/div>\n\n\n\n<div class=\"wp-block-cover alignfull\" style=\"min-height:600px;aspect-ratio:unset;\"><span aria-hidden=\"true\" class=\"wp-block-cover__background has-nv-light-bg-background-color has-background-dim-100 has-background-dim\"><\/span><div class=\"wp-block-cover__inner-container is-layout-flow wp-block-cover-is-layout-flow\">\n<div class=\"wp-block-group\"><div class=\"wp-block-group__inner-container is-layout-flow wp-block-group-is-layout-flow\">\n<div style=\"height:80px\" aria-hidden=\"true\" class=\"wp-block-spacer\"><\/div>\n\n\n\n<div class=\"wp-block-columns are-vertically-aligned-center has-neve-text-color-color has-text-color is-layout-flex wp-container-core-columns-is-layout-9d6595d7 wp-block-columns-is-layout-flex\">\n<div class=\"wp-block-column is-vertically-aligned-center is-layout-flow wp-block-column-is-layout-flow\" style=\"flex-basis:50%\">\n<figure class=\"wp-block-image size-large\"><img loading=\"lazy\" decoding=\"async\" width=\"600\" height=\"600\" src=\"https:\/\/leand5086.c33.integrator.host\/wp-content\/uploads\/2020\/01\/neve-web-design-bg-09.jpg\" alt=\"\" class=\"wp-image-36\" srcset=\"https:\/\/elshadaysystems.com.br\/wp-content\/uploads\/2020\/01\/neve-web-design-bg-09.jpg 600w, https:\/\/elshadaysystems.com.br\/wp-content\/uploads\/2020\/01\/neve-web-design-bg-09-300x300.jpg 300w, https:\/\/elshadaysystems.com.br\/wp-content\/uploads\/2020\/01\/neve-web-design-bg-09-150x150.jpg 150w\" sizes=\"auto, (max-width: 600px) 100vw, 600px\" \/><\/figure>\n<\/div>\n\n\n\n<div class=\"wp-block-column is-vertically-aligned-center is-layout-flow wp-block-column-is-layout-flow\" style=\"flex-basis:50%\">\n<h2 class=\"wp-block-heading has-neve-text-color-color has-text-color\">Nossa Hist\u00f3ria<\/h2>\n\n\n\n<p class=\"has-neve-text-color-color has-text-color\">A nossa jornada come\u00e7ou com um simples, mas poderoso, objetivo: transformar a forma como as pessoas interagem com a tecnologia. Fundada por um grupo de desenvolvedores apaixonados, nossa empresa nasceu da vontade de criar solu\u00e7\u00f5es inovadoras que pudessem melhorar o dia a dia de nossos clientes e impactar positivamente seus neg\u00f3cios.<\/p>\n\n\n\n<p>Desde o in\u00edcio, nos dedicamos a entender as necessidades do mercado, sempre em busca de novas maneiras de resolver problemas complexos com solu\u00e7\u00f5es simples e eficazes. <\/p>\n\n\n\n<p>Cada linha de c\u00f3digo que desenvolvemos \u00e9 pensada para proporcionar a melhor experi\u00eancia poss\u00edvel, seja para simplificar processos internos, melhorar a comunica\u00e7\u00e3o ou impulsionar a produtividade. Acreditamos que o software \u00e9 mais do que apenas uma ferramenta \u2013 ele \u00e9 uma ponte que conecta pessoas e processos.<\/p>\n\n\n\n<p class=\"has-neve-text-color-color has-text-color\">Hoje, com uma s\u00f3lida trajet\u00f3ria de conquistas, seguimos empenhados em inovar, expandir e oferecer solu\u00e7\u00f5es que realmente fa\u00e7am a diferen\u00e7a. Nossa miss\u00e3o \u00e9 continuar a evoluir junto com nossos clientes, oferecendo produtos que atendem n\u00e3o apenas \u00e0s suas expectativas, mas que as superem.<\/p>\n<\/div>\n<\/div>\n\n\n\n<div style=\"height:40px\" aria-hidden=\"true\" class=\"wp-block-spacer\"><\/div>\n<\/div><\/div>\n<\/div><\/div>\n","protected":false},"excerpt":{"rendered":"","protected":false},"author":1,"featured_media":0,"parent":0,"menu_order":0,"comment_status":"closed","ping_status":"closed","template":"","meta":{"neve_meta_sidebar":"default","neve_meta_container":"default","neve_meta_enable_content_width":"on","neve_meta_content_width":100,"neve_meta_title_alignment":"","neve_meta_author_avatar":"","neve_post_elements_order":"","neve_meta_disable_header":"","neve_meta_disable_footer":"","neve_meta_disable_title":"on","_themeisle_gutenberg_block_has_review":false,"footnotes":""},"class_list":["post-61","page","type-page","status-publish","hentry"],"_links":{"self":[{"href":"https:\/\/elshadaysystems.com.br\/index.php\/wp-json\/wp\/v2\/pages\/61","targetHints":{"allow":["GET"]}}],"collection":[{"href":"https:\/\/elshadaysystems.com.br\/index.php\/wp-json\/wp\/v2\/pages"}],"about":[{"href":"https:\/\/elshadaysystems.com.br\/index.php\/wp-json\/wp\/v2\/types\/page"}],"author":[{"embeddable":true,"href":"https:\/\/elshadaysystems.com.br\/index.php\/wp-json\/wp\/v2\/users\/1"}],"replies":[{"embeddable":true,"href":"https:\/\/elshadaysystems.com.br\/index.php\/wp-json\/wp\/v2\/comments?post=61"}],"version-history":[{"count":2,"href":"https:\/\/elshadaysystems.com.br\/index.php\/wp-json\/wp\/v2\/pages\/61\/revisions"}],"predecessor-version":[{"id":396,"href":"https:\/\/elshadaysystems.com.br\/index.php\/wp-json\/wp\/v2\/pages\/61\/revisions\/396"}],"wp:attachment":[{"href":"https:\/\/elshadaysystems.com.br\/index.php\/wp-json\/wp\/v2\/media?parent=61"}],"curies":[{"name":"wp","href":"https:\/\/api.w.org\/{rel}","templated":true}]}}