{"id":2,"date":"2025-03-05T20:22:25","date_gmt":"2025-03-05T20:22:25","guid":{"rendered":"https:\/\/leand5086.c33.integrator.host\/?page_id=2"},"modified":"2025-03-18T20:24:20","modified_gmt":"2025-03-18T23:24:20","slug":"missao","status":"publish","type":"page","link":"https:\/\/elshadaysystems.com.br\/index.php\/missao\/","title":{"rendered":"Menos burocracia, mais miss\u00e3o"},"content":{"rendered":"\n<h2 class=\"wp-block-heading\"><strong>Objetivo do Sistema<\/strong><\/h2>\n\n\n\n<pre class=\"wp-block-preformatted\">Nosso objetivo \u00e9 fornecer uma solu\u00e7\u00e3o eficiente, pr\u00e1tica e integrada para a gest\u00e3o de diversas atividades e \u00e1reas das congrega\u00e7\u00f5es. Dentre elas podemos destacar:<br><br>Facilidade na Gest\u00e3o Administrativa:<br><br>Nosso sistema visa simplificar a gest\u00e3o administrativa da congrega\u00e7\u00e3o, tornando o processo de organiza\u00e7\u00e3o de cultos, eventos e atividades mais eficiente, com ferramentas que centralizam todas as informa\u00e7\u00f5es em um \u00fanico lugar.<br><br>Controle de Membros:<br><br>Facilitamos o cadastro, acompanhamento e comunica\u00e7\u00e3o com os membros da congrega\u00e7\u00e3o, permitindo que l\u00edderes e pastores acompanhem o progresso espiritual e o engajamento dos membros em diferentes \u00e1reas.<br><br>Gest\u00e3o Financeira:<br><br>Nosso sistema possibilita o controle preciso das finan\u00e7as da igreja, proporcionando relat\u00f3rios detalhados sobre d\u00edzimos, ofertas e outras contribui\u00e7\u00f5es financeiras, garantindo transpar\u00eancia e facilitando a presta\u00e7\u00e3o de contas.<br><br>Facilita\u00e7\u00e3o da Comunica\u00e7\u00e3o:<br><br>Oferecemos funcionalidades para o envio de comunicados, notifica\u00e7\u00f5es e lembretes diretamente aos membros.<br><br>Acessibilidade e Facilidade de Uso:<br><br>Desenvolvemos uma interface simples e intuitiva, para que todos, desde o l\u00edder at\u00e9 o membro mais jovem, possam utilizar o sistema sem dificuldades.<\/pre>\n\n\n\n<h2 class=\"wp-block-heading\"><strong>P\u00fablico-Alvo<\/strong><\/h2>\n\n\n\n<pre class=\"wp-block-preformatted\">O p\u00fablico-alvo do sistema para igreja pode ser bem variado, pois ele abrange diferentes perfis de usu\u00e1rios que t\u00eam necessidades distintas dentro da gest\u00e3o e vida da igreja. Aqui est\u00e3o algumas categorias e como o sistema pode atender a cada uma delas:<br><br>L\u00edderes e Pastores da Igreja:<br><br>O sistema oferece dashboards com informa\u00e7\u00f5es resumidas sobre as finan\u00e7as, atividades, e engajamento dos membros, al\u00e9m de relat\u00f3rios detalhados que ajudam na tomada de decis\u00f5es estrat\u00e9gicas.<br><br>Secret\u00e1rios e Administradores:<br><br>O sistema possui funcionalidades para o cadastro de membros, agendamento de eventos e gera\u00e7\u00e3o de relat\u00f3rios financeiros, al\u00e9m de ferramentas de comunica\u00e7\u00e3o entre os respons\u00e1veis e os membros.<br><br>Tesoureiros e Respons\u00e1veis pela Finan\u00e7a:<br><br>O sistema fornece uma vis\u00e3o clara das finan\u00e7as, com registros detalhados das contribui\u00e7\u00f5es financeiras dos membros, e facilita a gera\u00e7\u00e3o de relat\u00f3rios para prestar contas aos membros.<br><br>Membros da Igreja:<br><br>Os membros podem visualizar a agenda da igreja, receber atualiza\u00e7\u00f5es sobre eventos e contribuir financeiramente de forma simples e segura, al\u00e9m de acompanhar seu pr\u00f3prio progresso espiritual.<\/pre>\n\n\n\n<p><\/p>\n","protected":false},"excerpt":{"rendered":"<p>Objetivo do Sistema Nosso objetivo \u00e9 fornecer uma solu\u00e7\u00e3o eficiente, pr\u00e1tica e integrada para a gest\u00e3o de diversas atividades e \u00e1reas das congrega\u00e7\u00f5es. Dentre elas podemos destacar:Facilidade na Gest\u00e3o Administrativa:Nosso sistema visa simplificar a gest\u00e3o administrativa da congrega\u00e7\u00e3o, tornando o processo de organiza\u00e7\u00e3o de cultos, eventos e atividades mais eficiente, com ferramentas que centralizam todas&hellip;&nbsp;<a href=\"https:\/\/elshadaysystems.com.br\/index.php\/missao\/\" rel=\"bookmark\">Continue a ler &raquo;<span class=\"screen-reader-text\">Menos burocracia, mais miss\u00e3o<\/span><\/a><\/p>\n","protected":false},"author":1,"featured_media":0,"parent":0,"menu_order":0,"comment_status":"closed","ping_status":"closed","template":"","meta":{"neve_meta_sidebar":"","neve_meta_container":"","neve_meta_enable_content_width":"","neve_meta_content_width":0,"neve_meta_title_alignment":"","neve_meta_author_avatar":"","neve_post_elements_order":"","neve_meta_disable_header":"","neve_meta_disable_footer":"","neve_meta_disable_title":"","_themeisle_gutenberg_block_has_review":false,"footnotes":""},"class_list":["post-2","page","type-page","status-publish","hentry"],"_links":{"self":[{"href":"https:\/\/elshadaysystems.com.br\/index.php\/wp-json\/wp\/v2\/pages\/2","targetHints":{"allow":["GET"]}}],"collection":[{"href":"https:\/\/elshadaysystems.com.br\/index.php\/wp-json\/wp\/v2\/pages"}],"about":[{"href":"https:\/\/elshadaysystems.com.br\/index.php\/wp-json\/wp\/v2\/types\/page"}],"author":[{"embeddable":true,"href":"https:\/\/elshadaysystems.com.br\/index.php\/wp-json\/wp\/v2\/users\/1"}],"replies":[{"embeddable":true,"href":"https:\/\/elshadaysystems.com.br\/index.php\/wp-json\/wp\/v2\/comments?post=2"}],"version-history":[{"count":4,"href":"https:\/\/elshadaysystems.com.br\/index.php\/wp-json\/wp\/v2\/pages\/2\/revisions"}],"predecessor-version":[{"id":373,"href":"https:\/\/elshadaysystems.com.br\/index.php\/wp-json\/wp\/v2\/pages\/2\/revisions\/373"}],"wp:attachment":[{"href":"https:\/\/elshadaysystems.com.br\/index.php\/wp-json\/wp\/v2\/media?parent=2"}],"curies":[{"name":"wp","href":"https:\/\/api.w.org\/{rel}","templated":true}]}}